{"id":72,"date":"2025-07-26T15:11:03","date_gmt":"2025-07-26T13:11:03","guid":{"rendered":"https:\/\/studiodtr.com\/?page_id=72"},"modified":"2025-07-26T15:11:03","modified_gmt":"2025-07-26T13:11:03","slug":"biographie","status":"publish","type":"page","link":"https:\/\/studiodtr.com\/index.php\/biographie\/","title":{"rendered":"Biographie"},"content":{"rendered":"\n<p>N\u00e9 en Alg\u00e9rie en 1992, il poursuit des \u00e9tudes en architecture \u00e0 l\u2019universit\u00e9 de B\u00e9ja\u00efa avant d\u2019\u00e9migrer en France \u00e0 23 ans pour devenir artiste. Il obtient un DNSEP en 2021 \u00e0 l\u2019\u00c9cole sup\u00e9rieure d\u2019art de Tourcoing. Il est l\u2019un des deux membres du Duo des Terres, install\u00e9 aux ateliers du Onze Box \u00e0 Lille.<\/p>\n","protected":false},"excerpt":{"rendered":"<p>N\u00e9 en Alg\u00e9rie en 1992, il poursuit des \u00e9tudes en architecture \u00e0 l\u2019universit\u00e9 de B\u00e9ja\u00efa avant d\u2019\u00e9migrer en France \u00e0 23 ans pour devenir artiste. Il obtient un DNSEP en 2021 \u00e0 l\u2019\u00c9cole sup\u00e9rieure d\u2019art de Tourcoing. Il est l\u2019un des deux membres du Duo des Terres, install\u00e9 aux ateliers du Onze Box \u00e0 Lille.<\/p>\n","protected":false},"author":1,"featured_media":0,"parent":0,"menu_order":0,"comment_status":"closed","ping_status":"closed","template":"","meta":{"_monsterinsights_skip_tracking":false,"_monsterinsights_sitenote_active":false,"_monsterinsights_sitenote_note":"","_monsterinsights_sitenote_category":0},"aioseo_notices":[],"_links":{"self":[{"href":"https:\/\/studiodtr.com\/index.php\/wp-json\/wp\/v2\/pages\/72"}],"collection":[{"href":"https:\/\/studiodtr.com\/index.php\/wp-json\/wp\/v2\/pages"}],"about":[{"href":"https:\/\/studiodtr.com\/index.php\/wp-json\/wp\/v2\/types\/page"}],"author":[{"embeddable":true,"href":"https:\/\/studiodtr.com\/index.php\/wp-json\/wp\/v2\/users\/1"}],"replies":[{"embeddable":true,"href":"https:\/\/studiodtr.com\/index.php\/wp-json\/wp\/v2\/comments?post=72"}],"version-history":[{"count":1,"href":"https:\/\/studiodtr.com\/index.php\/wp-json\/wp\/v2\/pages\/72\/revisions"}],"predecessor-version":[{"id":73,"href":"https:\/\/studiodtr.com\/index.php\/wp-json\/wp\/v2\/pages\/72\/revisions\/73"}],"wp:attachment":[{"href":"https:\/\/studiodtr.com\/index.php\/wp-json\/wp\/v2\/media?parent=72"}],"curies":[{"name":"wp","href":"https:\/\/api.w.org\/{rel}","templated":true}]}}