{"id":189,"date":"2025-09-15T17:57:14","date_gmt":"2025-09-15T15:57:14","guid":{"rendered":"https:\/\/studiodtr.com\/?page_id=189"},"modified":"2025-09-15T18:08:56","modified_gmt":"2025-09-15T16:08:56","slug":"sans-titre-essais-a-partir-dun-souvenir-de-terrain-de-foot","status":"publish","type":"page","link":"https:\/\/studiodtr.com\/index.php\/ma-pratique\/peinture\/sans-titre-essais-a-partir-dun-souvenir-de-terrain-de-foot\/","title":{"rendered":"Sans titre (essais \u00e0 partir d&#8217;un souvenir de terrain de foot)"},"content":{"rendered":"\n<p>J\u2019utilise une brosse fix\u00e9e \u00e0 un manche \u00e0 ballet pour peindre<br>comme un jardinier travaillerait sa surface de jardin.<\/p>\n\n\n\n<figure class=\"wp-block-image size-large\"><img decoding=\"async\" loading=\"lazy\" width=\"1024\" height=\"962\" src=\"https:\/\/studiodtr.com\/wp-content\/uploads\/2025\/09\/1-1024x962.jpg\" alt=\"\" class=\"wp-image-190\" srcset=\"https:\/\/studiodtr.com\/wp-content\/uploads\/2025\/09\/1-1024x962.jpg 1024w, https:\/\/studiodtr.com\/wp-content\/uploads\/2025\/09\/1-300x282.jpg 300w, https:\/\/studiodtr.com\/wp-content\/uploads\/2025\/09\/1-768x721.jpg 768w, https:\/\/studiodtr.com\/wp-content\/uploads\/2025\/09\/1-1536x1443.jpg 1536w, https:\/\/studiodtr.com\/wp-content\/uploads\/2025\/09\/1-2048x1924.jpg 2048w, https:\/\/studiodtr.com\/wp-content\/uploads\/2025\/09\/1-600x564.jpg 600w\" sizes=\"(max-width: 1024px) 100vw, 1024px\" \/><\/figure>\n\n\n\n<figure class=\"wp-block-image size-large\"><img decoding=\"async\" loading=\"lazy\" width=\"1024\" height=\"683\" src=\"https:\/\/studiodtr.com\/wp-content\/uploads\/2025\/09\/2-1024x683.jpg\" alt=\"\" class=\"wp-image-191\" srcset=\"https:\/\/studiodtr.com\/wp-content\/uploads\/2025\/09\/2-1024x683.jpg 1024w, https:\/\/studiodtr.com\/wp-content\/uploads\/2025\/09\/2-300x200.jpg 300w, https:\/\/studiodtr.com\/wp-content\/uploads\/2025\/09\/2-768x512.jpg 768w, https:\/\/studiodtr.com\/wp-content\/uploads\/2025\/09\/2-1536x1024.jpg 1536w, https:\/\/studiodtr.com\/wp-content\/uploads\/2025\/09\/2-2048x1365.jpg 2048w, https:\/\/studiodtr.com\/wp-content\/uploads\/2025\/09\/2-600x400.jpg 600w\" sizes=\"(max-width: 1024px) 100vw, 1024px\" \/><\/figure>\n\n\n\n<figure class=\"wp-block-image size-large\"><img decoding=\"async\" loading=\"lazy\" width=\"1024\" height=\"683\" src=\"https:\/\/studiodtr.com\/wp-content\/uploads\/2025\/09\/DSC1506-1024x683.jpg\" alt=\"\" class=\"wp-image-192\" srcset=\"https:\/\/studiodtr.com\/wp-content\/uploads\/2025\/09\/DSC1506-1024x683.jpg 1024w, https:\/\/studiodtr.com\/wp-content\/uploads\/2025\/09\/DSC1506-300x200.jpg 300w, https:\/\/studiodtr.com\/wp-content\/uploads\/2025\/09\/DSC1506-768x512.jpg 768w, https:\/\/studiodtr.com\/wp-content\/uploads\/2025\/09\/DSC1506-1536x1024.jpg 1536w, https:\/\/studiodtr.com\/wp-content\/uploads\/2025\/09\/DSC1506-2048x1365.jpg 2048w, https:\/\/studiodtr.com\/wp-content\/uploads\/2025\/09\/DSC1506-600x400.jpg 600w\" sizes=\"(max-width: 1024px) 100vw, 1024px\" \/><\/figure>\n\n\n\n<figure class=\"wp-block-image\"><img alt=\"\"\/><\/figure>\n","protected":false},"excerpt":{"rendered":"<p>J\u2019utilise une brosse fix\u00e9e \u00e0 un manche \u00e0 ballet pour peindrecomme un jardinier travaillerait sa surface de jardin.<\/p>\n","protected":false},"author":1,"featured_media":0,"parent":150,"menu_order":0,"comment_status":"closed","ping_status":"closed","template":"","meta":{"_monsterinsights_skip_tracking":false,"_monsterinsights_sitenote_active":false,"_monsterinsights_sitenote_note":"","_monsterinsights_sitenote_category":0},"aioseo_notices":[],"_links":{"self":[{"href":"https:\/\/studiodtr.com\/index.php\/wp-json\/wp\/v2\/pages\/189"}],"collection":[{"href":"https:\/\/studiodtr.com\/index.php\/wp-json\/wp\/v2\/pages"}],"about":[{"href":"https:\/\/studiodtr.com\/index.php\/wp-json\/wp\/v2\/types\/page"}],"author":[{"embeddable":true,"href":"https:\/\/studiodtr.com\/index.php\/wp-json\/wp\/v2\/users\/1"}],"replies":[{"embeddable":true,"href":"https:\/\/studiodtr.com\/index.php\/wp-json\/wp\/v2\/comments?post=189"}],"version-history":[{"count":1,"href":"https:\/\/studiodtr.com\/index.php\/wp-json\/wp\/v2\/pages\/189\/revisions"}],"predecessor-version":[{"id":193,"href":"https:\/\/studiodtr.com\/index.php\/wp-json\/wp\/v2\/pages\/189\/revisions\/193"}],"up":[{"embeddable":true,"href":"https:\/\/studiodtr.com\/index.php\/wp-json\/wp\/v2\/pages\/150"}],"wp:attachment":[{"href":"https:\/\/studiodtr.com\/index.php\/wp-json\/wp\/v2\/media?parent=189"}],"curies":[{"name":"wp","href":"https:\/\/api.w.org\/{rel}","templated":true}]}}