{"id":150,"date":"2025-08-01T20:13:49","date_gmt":"2025-08-01T18:13:49","guid":{"rendered":"https:\/\/studiodtr.com\/?page_id=150"},"modified":"2025-08-01T20:13:49","modified_gmt":"2025-08-01T18:13:49","slug":"peinture","status":"publish","type":"page","link":"https:\/\/studiodtr.com\/index.php\/ma-pratique\/peinture\/","title":{"rendered":"Peinture"},"content":{"rendered":"\n<p>J\u2019explore en peinture le r\u00f4le du bord et de l\u2019interstice dans la cr\u00e9ation de ph\u00e9nom\u00e8nes optiques. L\u2019\u00e9videment de formes g\u00e9om\u00e9triques simples me permet l\u2019interaction de la couleur avec les supports utilis\u00e9s. \u00c0 l\u2019endroit o\u00f9 se suspend la couleur, les partitions r\u00e9sonnent et r\u00e9v\u00e8lent le travail de la mati\u00e8re autant que le silence du peintre.<\/p>\n","protected":false},"excerpt":{"rendered":"<p>J\u2019explore en peinture le r\u00f4le du bord et de l\u2019interstice dans la cr\u00e9ation de ph\u00e9nom\u00e8nes optiques. L\u2019\u00e9videment de formes g\u00e9om\u00e9triques simples me permet l\u2019interaction de la couleur avec les supports utilis\u00e9s. \u00c0 l\u2019endroit o\u00f9 se suspend la couleur, les partitions r\u00e9sonnent et r\u00e9v\u00e8lent le travail de la mati\u00e8re autant que le silence du peintre.<\/p>\n","protected":false},"author":1,"featured_media":0,"parent":104,"menu_order":0,"comment_status":"closed","ping_status":"closed","template":"","meta":{"_monsterinsights_skip_tracking":false,"_monsterinsights_sitenote_active":false,"_monsterinsights_sitenote_note":"","_monsterinsights_sitenote_category":0},"aioseo_notices":[],"_links":{"self":[{"href":"https:\/\/studiodtr.com\/index.php\/wp-json\/wp\/v2\/pages\/150"}],"collection":[{"href":"https:\/\/studiodtr.com\/index.php\/wp-json\/wp\/v2\/pages"}],"about":[{"href":"https:\/\/studiodtr.com\/index.php\/wp-json\/wp\/v2\/types\/page"}],"author":[{"embeddable":true,"href":"https:\/\/studiodtr.com\/index.php\/wp-json\/wp\/v2\/users\/1"}],"replies":[{"embeddable":true,"href":"https:\/\/studiodtr.com\/index.php\/wp-json\/wp\/v2\/comments?post=150"}],"version-history":[{"count":1,"href":"https:\/\/studiodtr.com\/index.php\/wp-json\/wp\/v2\/pages\/150\/revisions"}],"predecessor-version":[{"id":151,"href":"https:\/\/studiodtr.com\/index.php\/wp-json\/wp\/v2\/pages\/150\/revisions\/151"}],"up":[{"embeddable":true,"href":"https:\/\/studiodtr.com\/index.php\/wp-json\/wp\/v2\/pages\/104"}],"wp:attachment":[{"href":"https:\/\/studiodtr.com\/index.php\/wp-json\/wp\/v2\/media?parent=150"}],"curies":[{"name":"wp","href":"https:\/\/api.w.org\/{rel}","templated":true}]}}