{"id":112,"date":"2025-08-01T19:18:41","date_gmt":"2025-08-01T17:18:41","guid":{"rendered":"https:\/\/studiodtr.com\/?page_id=112"},"modified":"2025-08-01T20:12:32","modified_gmt":"2025-08-01T18:12:32","slug":"photographie","status":"publish","type":"page","link":"https:\/\/studiodtr.com\/index.php\/ma-pratique\/photographie\/","title":{"rendered":"Photographie"},"content":{"rendered":"\n<p class=\"has-luminous-vivid-amber-background-color has-background\">A propos de ma pratique photographique<\/p>\n\n\n\n<p>Ma pratique photographique s\u2019appuie sur la marche. Mon arriv\u00e9e en France a fait \u00e9clore un app\u00e9tit de voir et d\u2019observer que l\u2019appareil photo m\u2019a permis de mettre en forme. Proc\u00e9dant par s\u00e9ries, mes explorations peuvent se d\u00e9velopper suivant un sch\u00e9ma d\u2019arpentage ; sur des trajets lin\u00e9aires, de la d\u00e9rive dans un objectif de collection ou sur un mode d\u2019enqu\u00eate, telle une mission de reconnaissance sur un territoire \u00e0 d\u00e9couvrir.<\/p>\n\n\n\n<p>Dans les trois cas, la marche est un proc\u00e9d\u00e9 reconduit afin d\u2019enclencher un regard esth\u00e9tique sur le quotidien, les non-lieux* et de ce qui se passe ou ne se passe pas. Elles aboutissent \u00e0 un corpus d\u2019images entre le documentaire et la m\u00e9taphore. Paysages, objets trouv\u00e9s, motifs formels, sont autant de mat\u00e9riaux sensibles que des id\u00e9es. Ainsi, la s\u00e9rie photographique d\u00e9crit en pointill\u00e9s, l\u2019invention d\u2019un nouveau lieu par ses accidents discrets, la tentative humaine de le r\u00e9guler et ses myst\u00e8res. Les territoires du Nord de la France et de la ville de Beja\u00efa (Alg\u00e9rie) sont particuli\u00e8rement repr\u00e9sent\u00e9es.<\/p>\n\n\n\n<p>Photographie<\/p>\n\n\n\n<p>Documentaire<\/p>\n\n\n\n<p>Marche<\/p>\n\n\n\n<p>Lille<\/p>\n\n\n\n<p>Nord<\/p>\n\n\n\n<p>Alg\u00e9rie<\/p>\n\n\n\n<p>Forme<\/p>\n\n\n\n<p>Couleur<\/p>\n\n\n\n<p>Motif<\/p>\n\n\n\n<p>Surface<\/p>\n\n\n\n<p>Biographie<\/p>\n\n\n\n<p>M\u00e9taphore<\/p>\n\n\n\n<p>Territoire<\/p>\n\n\n\n<p>Espace<\/p>\n\n\n\n<p><\/p>\n\n\n\n<p>Photo : Chambre de B\u00e9jaia, argentique couleur.<\/p>\n\n\n\n<figure class=\"wp-block-gallery has-nested-images columns-default is-cropped wp-block-gallery-1 is-layout-flex\">\n<figure class=\"wp-block-image size-large\"><img decoding=\"async\" loading=\"lazy\" width=\"1024\" height=\"684\" data-id=\"114\"  src=\"https:\/\/studiodtr.com\/wp-content\/uploads\/2025\/08\/3_0675-1-1024x684.jpg\" alt=\"\" class=\"wp-image-114\" srcset=\"https:\/\/studiodtr.com\/wp-content\/uploads\/2025\/08\/3_0675-1-1024x684.jpg 1024w, https:\/\/studiodtr.com\/wp-content\/uploads\/2025\/08\/3_0675-1-300x201.jpg 300w, https:\/\/studiodtr.com\/wp-content\/uploads\/2025\/08\/3_0675-1-768x513.jpg 768w, https:\/\/studiodtr.com\/wp-content\/uploads\/2025\/08\/3_0675-1-1536x1027.jpg 1536w, https:\/\/studiodtr.com\/wp-content\/uploads\/2025\/08\/3_0675-1-2048x1369.jpg 2048w, https:\/\/studiodtr.com\/wp-content\/uploads\/2025\/08\/3_0675-1-600x401.jpg 600w\" sizes=\"(max-width: 1024px) 100vw, 1024px\" \/><figcaption class=\"wp-element-caption\">Autosave-File vom d-lab2\/3 der AgfaPhoto GmbH<\/figcaption><\/figure>\n<\/figure>\n","protected":false},"excerpt":{"rendered":"<p>A propos de ma pratique photographique Ma pratique photographique s\u2019appuie sur la marche. Mon arriv\u00e9e en France a fait \u00e9clore un app\u00e9tit de voir et d\u2019observer que l\u2019appareil photo m\u2019a permis de mettre en forme. Proc\u00e9dant par s\u00e9ries, mes explorations peuvent se d\u00e9velopper suivant un sch\u00e9ma d\u2019arpentage ; sur des trajets lin\u00e9aires, de la d\u00e9rive [&hellip;]<\/p>\n","protected":false},"author":1,"featured_media":0,"parent":104,"menu_order":0,"comment_status":"closed","ping_status":"closed","template":"","meta":{"_monsterinsights_skip_tracking":false,"_monsterinsights_sitenote_active":false,"_monsterinsights_sitenote_note":"","_monsterinsights_sitenote_category":0},"aioseo_notices":[],"_links":{"self":[{"href":"https:\/\/studiodtr.com\/index.php\/wp-json\/wp\/v2\/pages\/112"}],"collection":[{"href":"https:\/\/studiodtr.com\/index.php\/wp-json\/wp\/v2\/pages"}],"about":[{"href":"https:\/\/studiodtr.com\/index.php\/wp-json\/wp\/v2\/types\/page"}],"author":[{"embeddable":true,"href":"https:\/\/studiodtr.com\/index.php\/wp-json\/wp\/v2\/users\/1"}],"replies":[{"embeddable":true,"href":"https:\/\/studiodtr.com\/index.php\/wp-json\/wp\/v2\/comments?post=112"}],"version-history":[{"count":4,"href":"https:\/\/studiodtr.com\/index.php\/wp-json\/wp\/v2\/pages\/112\/revisions"}],"predecessor-version":[{"id":127,"href":"https:\/\/studiodtr.com\/index.php\/wp-json\/wp\/v2\/pages\/112\/revisions\/127"}],"up":[{"embeddable":true,"href":"https:\/\/studiodtr.com\/index.php\/wp-json\/wp\/v2\/pages\/104"}],"wp:attachment":[{"href":"https:\/\/studiodtr.com\/index.php\/wp-json\/wp\/v2\/media?parent=112"}],"curies":[{"name":"wp","href":"https:\/\/api.w.org\/{rel}","templated":true}]}}