{"id":104,"date":"2025-07-26T17:05:17","date_gmt":"2025-07-26T15:05:17","guid":{"rendered":"https:\/\/studiodtr.com\/?page_id=104"},"modified":"2025-08-01T20:02:04","modified_gmt":"2025-08-01T18:02:04","slug":"ma-pratique","status":"publish","type":"page","link":"https:\/\/studiodtr.com\/index.php\/ma-pratique\/","title":{"rendered":"Ma pratique"},"content":{"rendered":"\n<p><em>\u00ab Je consid\u00e8re chaque m\u00e9dium comme un langage. \u00c9crire par l\u2019image, le son ou la peinture me permet d\u2019aborder le passage d\u2019un espace physique \u00e0 sa repr\u00e9sentation po\u00e9tique. \u00bb<\/em><\/p>\n\n\n\n<p>J\u2019explore en peinture le r\u00f4le du bord et de l\u2019interstice dans la cr\u00e9ation de ph\u00e9nom\u00e8nes optiques. L\u2019\u00e9videment de formes g\u00e9om\u00e9triques simples me permet l\u2019interaction de la couleur avec les supports utilis\u00e9s. \u00c0 l\u2019endroit o\u00f9 se suspend la couleur, les partitions r\u00e9sonnent et r\u00e9v\u00e8lent le travail de la mati\u00e8re autant que le silence du peintre.<\/p>\n\n\n\n<p><em>\u00ab Ma pratique est nourrie par l\u2019observation prolong\u00e9e d\u2019espaces g\u00e9ographiques homog\u00e8nes : zones industrielles, terrains de foot, champs de culture, jardins de pierre. Je puise dans ces organisations des protocoles de r\u00e9gulation que je reconduis dans mes toiles par les moyens de la peinture. \u00bb<\/em><\/p>\n\n\n\n<p>En photo, il s\u2019agira d\u2019un espace physiquement explor\u00e9 et report\u00e9 par l\u2019image, de type artistico-documentaire. La repr\u00e9sentation de paysages calmes, d\u2019objets, voire d\u2019indices, forme une cartographie subjective des territoires que j\u2019investis dans la dur\u00e9e.<\/p>\n\n\n\n<p><em>\u00ab Ce qui m\u2019int\u00e9resse dans les territoires que j\u2019explore, c\u2019est le contraste entre leur apparente simplicit\u00e9 \u2014 qu\u2019elle soit visuelle ou symbolique \u2014 et la profondeur de la cartographie mentale qu\u2019on en fait. L\u00e0 o\u00f9 je reste, un lien peut se tisser. \u00bb<\/em><\/p>\n\n\n\n<figure class=\"wp-block-gallery has-nested-images columns-default is-cropped wp-block-gallery-1 is-layout-flex\">\n<figure class=\"wp-block-image size-large\"><img decoding=\"async\" loading=\"lazy\" width=\"1024\" height=\"684\" data-id=\"109\"  src=\"https:\/\/studiodtr.com\/wp-content\/uploads\/2025\/08\/3_0675-1024x684.jpg\" alt=\"\" class=\"wp-image-109\" srcset=\"https:\/\/studiodtr.com\/wp-content\/uploads\/2025\/08\/3_0675-1024x684.jpg 1024w, https:\/\/studiodtr.com\/wp-content\/uploads\/2025\/08\/3_0675-300x201.jpg 300w, https:\/\/studiodtr.com\/wp-content\/uploads\/2025\/08\/3_0675-768x513.jpg 768w, https:\/\/studiodtr.com\/wp-content\/uploads\/2025\/08\/3_0675-1536x1027.jpg 1536w, https:\/\/studiodtr.com\/wp-content\/uploads\/2025\/08\/3_0675-2048x1369.jpg 2048w, https:\/\/studiodtr.com\/wp-content\/uploads\/2025\/08\/3_0675-600x401.jpg 600w\" sizes=\"(max-width: 1024px) 100vw, 1024px\" \/><figcaption class=\"wp-element-caption\">Autosave-File vom d-lab2\/3 der AgfaPhoto GmbH<\/figcaption><\/figure>\n<\/figure>\n\n\n\n<div class=\"wp-block-buttons is-layout-flex\">\n<div class=\"wp-block-button\"><a class=\"wp-block-button__link wp-element-button\" href=\"https:\/\/studiodtr.com\/index.php\/photographie\" target=\"_blank\" rel=\"noreferrer noopener\">Photographie<\/a><\/div>\n\n\n\n<div class=\"wp-block-button\"><a class=\"wp-block-button__link wp-element-button\">Peinture<\/a><\/div>\n\n\n\n<div class=\"wp-block-button\"><a class=\"wp-block-button__link wp-element-button\">Textes<\/a><\/div>\n\n\n\n<div class=\"wp-block-button\"><a class=\"wp-block-button__link wp-element-button\">Cartographies<\/a><\/div>\n<\/div>\n","protected":false},"excerpt":{"rendered":"<p>\u00ab Je consid\u00e8re chaque m\u00e9dium comme un langage. \u00c9crire par l\u2019image, le son ou la peinture me permet d\u2019aborder le passage d\u2019un espace physique \u00e0 sa repr\u00e9sentation po\u00e9tique. \u00bb J\u2019explore en peinture le r\u00f4le du bord et de l\u2019interstice dans la cr\u00e9ation de ph\u00e9nom\u00e8nes optiques. L\u2019\u00e9videment de formes g\u00e9om\u00e9triques simples me permet l\u2019interaction de la [&hellip;]<\/p>\n","protected":false},"author":1,"featured_media":0,"parent":0,"menu_order":0,"comment_status":"closed","ping_status":"closed","template":"","meta":{"_monsterinsights_skip_tracking":false,"_monsterinsights_sitenote_active":false,"_monsterinsights_sitenote_note":"","_monsterinsights_sitenote_category":0},"aioseo_notices":[],"_links":{"self":[{"href":"https:\/\/studiodtr.com\/index.php\/wp-json\/wp\/v2\/pages\/104"}],"collection":[{"href":"https:\/\/studiodtr.com\/index.php\/wp-json\/wp\/v2\/pages"}],"about":[{"href":"https:\/\/studiodtr.com\/index.php\/wp-json\/wp\/v2\/types\/page"}],"author":[{"embeddable":true,"href":"https:\/\/studiodtr.com\/index.php\/wp-json\/wp\/v2\/users\/1"}],"replies":[{"embeddable":true,"href":"https:\/\/studiodtr.com\/index.php\/wp-json\/wp\/v2\/comments?post=104"}],"version-history":[{"count":6,"href":"https:\/\/studiodtr.com\/index.php\/wp-json\/wp\/v2\/pages\/104\/revisions"}],"predecessor-version":[{"id":133,"href":"https:\/\/studiodtr.com\/index.php\/wp-json\/wp\/v2\/pages\/104\/revisions\/133"}],"wp:attachment":[{"href":"https:\/\/studiodtr.com\/index.php\/wp-json\/wp\/v2\/media?parent=104"}],"curies":[{"name":"wp","href":"https:\/\/api.w.org\/{rel}","templated":true}]}}